{"id":13,"date":"2025-09-17T23:07:19","date_gmt":"2025-09-17T23:07:19","guid":{"rendered":"https:\/\/beta.sinanyaman.org\/?page_id=13"},"modified":"2026-02-11T06:14:27","modified_gmt":"2026-02-11T03:14:27","slug":"anasayfa","status":"publish","type":"page","link":"https:\/\/www.sinanyaman.org\/","title":{"rendered":"Anasayfa"},"content":{"rendered":"\t\t<div data-elementor-type=\"wp-page\" data-elementor-id=\"13\" class=\"elementor elementor-13\" data-elementor-post-type=\"page\">\n\t\t\t\t<div class=\"elementor-element elementor-element-55f586d e-flex e-con-boxed wpr-particle-no wpr-jarallax-no wpr-parallax-no wpr-sticky-section-no e-con e-parent\" data-id=\"55f586d\" data-element_type=\"container\">\n\t\t\t\t\t<div class=\"e-con-inner\">\n\t\t\t\t<div class=\"elementor-element elementor-element-a464271 elementor-widget elementor-widget-image\" data-id=\"a464271\" data-element_type=\"widget\" data-widget_type=\"image.default\">\n\t\t\t\t\t\t\t\t\t\t\t\t\t\t\t<img fetchpriority=\"high\" decoding=\"async\" width=\"800\" height=\"313\" src=\"https:\/\/www.sinanyaman.org\/wp-content\/uploads\/2025\/09\/yga-slider1-1024x400.webp\" class=\"attachment-large size-large wp-image-79\" alt=\"\" srcset=\"https:\/\/www.sinanyaman.org\/wp-content\/uploads\/2025\/09\/yga-slider1-1024x400.webp 1024w, https:\/\/www.sinanyaman.org\/wp-content\/uploads\/2025\/09\/yga-slider1-300x117.webp 300w, https:\/\/www.sinanyaman.org\/wp-content\/uploads\/2025\/09\/yga-slider1-768x300.webp 768w, https:\/\/www.sinanyaman.org\/wp-content\/uploads\/2025\/09\/yga-slider1-1536x600.webp 1536w, https:\/\/www.sinanyaman.org\/wp-content\/uploads\/2025\/09\/yga-slider1.webp 1680w\" sizes=\"(max-width: 800px) 100vw, 800px\" \/>\t\t\t\t\t\t\t\t\t\t\t\t\t\t\t<\/div>\n\t\t\t\t\t<\/div>\n\t\t\t\t<\/div>\n\t\t<div class=\"elementor-element elementor-element-e094bcb e-flex e-con-boxed wpr-particle-no wpr-jarallax-no wpr-parallax-no wpr-sticky-section-no e-con e-parent\" data-id=\"e094bcb\" data-element_type=\"container\">\n\t\t\t\t\t<div class=\"e-con-inner\">\n\t\t\t\t<div class=\"elementor-element elementor-element-fce097b elementor-testimonial--skin-default elementor-testimonial--layout-image_inline elementor-testimonial--align-center elementor-arrows-yes elementor-pagination-type-bullets elementor-widget elementor-widget-testimonial-carousel\" data-id=\"fce097b\" data-element_type=\"widget\" data-settings=\"{&quot;show_arrows&quot;:&quot;yes&quot;,&quot;pagination&quot;:&quot;bullets&quot;,&quot;speed&quot;:500,&quot;autoplay&quot;:&quot;yes&quot;,&quot;autoplay_speed&quot;:5000,&quot;loop&quot;:&quot;yes&quot;,&quot;pause_on_hover&quot;:&quot;yes&quot;,&quot;pause_on_interaction&quot;:&quot;yes&quot;,&quot;space_between&quot;:{&quot;unit&quot;:&quot;px&quot;,&quot;size&quot;:10,&quot;sizes&quot;:[]},&quot;space_between_tablet&quot;:{&quot;unit&quot;:&quot;px&quot;,&quot;size&quot;:10,&quot;sizes&quot;:[]},&quot;space_between_mobile&quot;:{&quot;unit&quot;:&quot;px&quot;,&quot;size&quot;:10,&quot;sizes&quot;:[]}}\" data-widget_type=\"testimonial-carousel.default\">\n\t\t\t\t\t\t\t\t\t\t<div class=\"elementor-main-swiper swiper\" role=\"region\" aria-roledescription=\"carousel\" aria-label=\"Slides\">\n\t\t\t\t<div class=\"swiper-wrapper\">\n\t\t\t\t\t\t\t\t\t\t\t<div class=\"swiper-slide\" role=\"group\" aria-roledescription=\"slide\">\n\t\t\t\t\t\t\t\t\t<div class=\"elementor-testimonial\">\n\t\t\t\t\t\t\t<div class=\"elementor-testimonial__content\">\n\t\t\t\t\t<div class=\"elementor-testimonial__text\">\n\t\t\t\t\t\t\"Y\u00f6netim ekibi olarak bu kadar yak\u0131nla\u015ft\u0131\u011f\u0131m\u0131z,\n\nbu kadar payla\u015ft\u0131\u011f\u0131m\u0131z, bu kadar e\u011flendi\u011fimiz bir liderlik geli\u015fim program\u0131 hat\u0131rlam\u0131yorum.\n\n Hayal Orta\u011f\u0131m\u0131z Sinan Yaman\u2019a sonsuz te\u015fekk\u00fcrler.\"\t\t\t\t\t<\/div>\n\t\t\t\t\t\t\t\t\t<\/div>\n\t\t\t\t\t\t<div class=\"elementor-testimonial__footer\">\n\t\t\t\t\t\t\t\t\t<div class=\"elementor-testimonial__image\">\n\t\t\t\t\t\t<img decoding=\"async\" src=\"https:\/\/www.sinanyaman.org\/wp-content\/uploads\/2025\/09\/comment-person4.webp\" alt=\"\u0130lker Kuru\u00f6z\">\n\t\t\t\t\t\t\t\t\t\t\t<\/div>\n\t\t\t\t\t\t\t\t<cite class=\"elementor-testimonial__cite\"><span class=\"elementor-testimonial__name\">\u0130lker Kuru\u00f6z<\/span><span class=\"elementor-testimonial__title\">Do\u011fu\u015f Teknoloji CEO<\/span><\/cite>\t\t\t<\/div>\n\t\t<\/div>\n\t\t\t\t\t\t\t\t<\/div>\n\t\t\t\t\t\t\t\t\t\t\t<div class=\"swiper-slide\" role=\"group\" aria-roledescription=\"slide\">\n\t\t\t\t\t\t\t\t\t<div class=\"elementor-testimonial\">\n\t\t\t\t\t\t\t<div class=\"elementor-testimonial__content\">\n\t\t\t\t\t<div class=\"elementor-testimonial__text\">\n\t\t\t\t\t\t\"Yeni bir bak\u0131\u015f a\u00e7\u0131s\u0131na m\u0131 ihtiyac\u0131n\u0131z var?\n\nKendinize ve \u00e7evrenizdekilere nas\u0131l daha fazla de\u011fer\n\nkatabilirsiniz? Sinan Yaman'la tan\u0131\u015fman\u0131z\u0131 \u00f6neririm.\"\t\t\t\t\t<\/div>\n\t\t\t\t\t\t\t\t\t<\/div>\n\t\t\t\t\t\t<div class=\"elementor-testimonial__footer\">\n\t\t\t\t\t\t\t\t\t<div class=\"elementor-testimonial__image\">\n\t\t\t\t\t\t<img decoding=\"async\" src=\"https:\/\/www.sinanyaman.org\/wp-content\/uploads\/2025\/09\/comment-person1.webp\" alt=\"Lale Saral Develio\u011flu\">\n\t\t\t\t\t\t\t\t\t\t\t<\/div>\n\t\t\t\t\t\t\t\t<cite class=\"elementor-testimonial__cite\"><span class=\"elementor-testimonial__name\">Lale Saral Develio\u011flu<\/span><span class=\"elementor-testimonial__title\">Pladis Global CMO<\/span><\/cite>\t\t\t<\/div>\n\t\t<\/div>\n\t\t\t\t\t\t\t\t<\/div>\n\t\t\t\t\t\t\t\t\t\t\t<div class=\"swiper-slide\" role=\"group\" aria-roledescription=\"slide\">\n\t\t\t\t\t\t\t\t\t<div class=\"elementor-testimonial\">\n\t\t\t\t\t\t\t<div class=\"elementor-testimonial__content\">\n\t\t\t\t\t<div class=\"elementor-testimonial__text\">\n\t\t\t\t\t\t\"Sinan Bey \u015firketimizde y\u00fcksek g\u00fcvene dayal\u0131 inovasyon ikliminin yarat\u0131lmas\u0131na \u00f6nc\u00fcl\u00fck etti.\"\t\t\t\t\t<\/div>\n\t\t\t\t\t\t\t\t\t<\/div>\n\t\t\t\t\t\t<div class=\"elementor-testimonial__footer\">\n\t\t\t\t\t\t\t\t\t<div class=\"elementor-testimonial__image\">\n\t\t\t\t\t\t<img decoding=\"async\" src=\"https:\/\/www.sinanyaman.org\/wp-content\/uploads\/2025\/09\/sani.webp\" alt=\"Sani \u015eener\">\n\t\t\t\t\t\t\t\t\t\t\t<\/div>\n\t\t\t\t\t\t\t\t<cite class=\"elementor-testimonial__cite\"><span class=\"elementor-testimonial__name\">Sani \u015eener<\/span><span class=\"elementor-testimonial__title\">TAV CEO<\/span><\/cite>\t\t\t<\/div>\n\t\t<\/div>\n\t\t\t\t\t\t\t\t<\/div>\n\t\t\t\t\t\t\t\t\t\t\t<div class=\"swiper-slide\" role=\"group\" aria-roledescription=\"slide\">\n\t\t\t\t\t\t\t\t\t<div class=\"elementor-testimonial\">\n\t\t\t\t\t\t\t<div class=\"elementor-testimonial__content\">\n\t\t\t\t\t<div class=\"elementor-testimonial__text\">\n\t\t\t\t\t\t\"Bir e\u011fitimle \u00e7ok \u015fey de\u011fi\u015ftirecek deselerdi, inanmam \u00e7ok g\u00fc\u00e7t\u00fc. \n\nSinan Bey\u2019i tan\u0131d\u0131ktan sonra, bunun ne kadar m\u00fcmk\u00fcn oldu\u011funu g\u00f6rd\u00fcm.\"\t\t\t\t\t<\/div>\n\t\t\t\t\t\t\t\t\t<\/div>\n\t\t\t\t\t\t<div class=\"elementor-testimonial__footer\">\n\t\t\t\t\t\t\t\t\t<div class=\"elementor-testimonial__image\">\n\t\t\t\t\t\t<img decoding=\"async\" src=\"https:\/\/www.sinanyaman.org\/wp-content\/uploads\/2025\/09\/Hakan_Aran.webp\" alt=\"Hakan Aran\">\n\t\t\t\t\t\t\t\t\t\t\t<\/div>\n\t\t\t\t\t\t\t\t<cite class=\"elementor-testimonial__cite\"><span class=\"elementor-testimonial__name\">Hakan Aran<\/span><span class=\"elementor-testimonial__title\">\u0130\u015f Bankas\u0131 GM<\/span><\/cite>\t\t\t<\/div>\n\t\t<\/div>\n\t\t\t\t\t\t\t\t<\/div>\n\t\t\t\t\t\t\t\t\t\t\t<div class=\"swiper-slide\" role=\"group\" aria-roledescription=\"slide\">\n\t\t\t\t\t\t\t\t\t<div class=\"elementor-testimonial\">\n\t\t\t\t\t\t\t<div class=\"elementor-testimonial__content\">\n\t\t\t\t\t<div class=\"elementor-testimonial__text\">\n\t\t\t\t\t\t\"Eczac\u0131ba\u015f\u0131 \u0130la\u00e7 Grubu olarak finansal ve k\u00fclt\u00fcrel a\u00e7\u0131dan birincili\u011fe y\u00fckselmemizde en b\u00fcy\u00fck pay Sinan Yaman\u2019\u0131nd\u0131r.\"\t\t\t\t\t<\/div>\n\t\t\t\t\t\t\t\t\t<\/div>\n\t\t\t\t\t\t<div class=\"elementor-testimonial__footer\">\n\t\t\t\t\t\t\t\t\t<div class=\"elementor-testimonial__image\">\n\t\t\t\t\t\t<img decoding=\"async\" src=\"https:\/\/www.sinanyaman.org\/wp-content\/uploads\/2025\/09\/d12-1.webp\" alt=\"Elif \u00c7elik\">\n\t\t\t\t\t\t\t\t\t\t\t<\/div>\n\t\t\t\t\t\t\t\t<cite class=\"elementor-testimonial__cite\"><span class=\"elementor-testimonial__name\">Elif \u00c7elik<\/span><span class=\"elementor-testimonial__title\">Kurtsan YK Ba\u015fkan\u0131<\/span><\/cite>\t\t\t<\/div>\n\t\t<\/div>\n\t\t\t\t\t\t\t\t<\/div>\n\t\t\t\t\t\t\t\t\t\t\t<div class=\"swiper-slide\" role=\"group\" aria-roledescription=\"slide\">\n\t\t\t\t\t\t\t\t\t<div class=\"elementor-testimonial\">\n\t\t\t\t\t\t\t<div class=\"elementor-testimonial__content\">\n\t\t\t\t\t<div class=\"elementor-testimonial__text\">\n\t\t\t\t\t\t\"25 y\u0131la yakla\u015fan profesyonel hayat\u0131mda yurti\u00e7inde ve yurtd\u0131\u015f\u0131nda onlarca e\u011fitime kat\u0131ld\u0131m. T\u00fcm kalbimle s\u00f6yl\u00fcyorum ki, Sinan Yaman\u2019la yapt\u0131\u011f\u0131m\u0131z bu program en e\u015fsiz, en \u00e7ok \u00f6\u011frendi\u011fim programd\u0131.\"\t\t\t\t\t<\/div>\n\t\t\t\t\t\t\t\t\t<\/div>\n\t\t\t\t\t\t<div class=\"elementor-testimonial__footer\">\n\t\t\t\t\t\t\t\t\t<div class=\"elementor-testimonial__image\">\n\t\t\t\t\t\t<img decoding=\"async\" src=\"https:\/\/www.sinanyaman.org\/wp-content\/uploads\/2025\/09\/d6.webp\" alt=\"S\u00fcha Ta\u015fpolato\u011flu\">\n\t\t\t\t\t\t\t\t\t\t\t<\/div>\n\t\t\t\t\t\t\t\t<cite class=\"elementor-testimonial__cite\"><span class=\"elementor-testimonial__name\">S\u00fcha Ta\u015fpolato\u011flu<\/span><span class=\"elementor-testimonial__title\">Abdi \u0130brahim CEO<\/span><\/cite>\t\t\t<\/div>\n\t\t<\/div>\n\t\t\t\t\t\t\t\t<\/div>\n\t\t\t\t\t\t\t\t\t<\/div>\n\t\t\t\t\t\t\t\t\t\t\t\t\t\t\t<div class=\"elementor-swiper-button elementor-swiper-button-prev\" role=\"button\" tabindex=\"0\" aria-label=\"Previous\">\n\t\t\t\t\t\t\t<svg aria-hidden=\"true\" class=\"e-font-icon-svg e-eicon-chevron-left\" viewBox=\"0 0 1000 1000\" xmlns=\"http:\/\/www.w3.org\/2000\/svg\"><path d=\"M646 125C629 125 613 133 604 142L308 442C296 454 292 471 292 487 292 504 296 521 308 533L604 854C617 867 629 875 646 875 663 875 679 871 692 858 704 846 713 829 713 812 713 796 708 779 692 767L438 487 692 225C700 217 708 204 708 187 708 171 704 154 692 142 675 129 663 125 646 125Z\"><\/path><\/svg>\t\t\t\t\t\t<\/div>\n\t\t\t\t\t\t<div class=\"elementor-swiper-button elementor-swiper-button-next\" role=\"button\" tabindex=\"0\" aria-label=\"Next\">\n\t\t\t\t\t\t\t<svg aria-hidden=\"true\" class=\"e-font-icon-svg e-eicon-chevron-right\" viewBox=\"0 0 1000 1000\" xmlns=\"http:\/\/www.w3.org\/2000\/svg\"><path d=\"M696 533C708 521 713 504 713 487 713 471 708 454 696 446L400 146C388 133 375 125 354 125 338 125 325 129 313 142 300 154 292 171 292 187 292 204 296 221 308 233L563 492 304 771C292 783 288 800 288 817 288 833 296 850 308 863 321 871 338 875 354 875 371 875 388 867 400 854L696 533Z\"><\/path><\/svg>\t\t\t\t\t\t<\/div>\n\t\t\t\t\t\t\t\t\t\t\t\t\t\t\t\t<div class=\"swiper-pagination\"><\/div>\n\t\t\t\t\t\t\t\t\t\t\t\t<\/div>\n\t\t\t\t\t\t\t\t<\/div>\n\t\t\t\t\t<\/div>\n\t\t\t\t<\/div>\n\t\t<div class=\"elementor-element elementor-element-41ecd5a8 e-flex e-con-boxed wpr-particle-no wpr-jarallax-no wpr-parallax-no wpr-sticky-section-no e-con e-parent\" data-id=\"41ecd5a8\" data-element_type=\"container\">\n\t\t\t\t\t<div class=\"e-con-inner\">\n\t\t<div class=\"elementor-element elementor-element-b73625 e-con-full e-flex wpr-particle-no wpr-jarallax-no wpr-parallax-no wpr-sticky-section-no e-con e-child\" data-id=\"b73625\" data-element_type=\"container\">\n\t\t\t\t<div class=\"elementor-element elementor-element-ee53730 elementor-widget elementor-widget-heading\" data-id=\"ee53730\" data-element_type=\"widget\" data-widget_type=\"heading.default\">\n\t\t\t\t\t<h2 class=\"elementor-heading-title elementor-size-default\">Sinan Yaman<\/h2>\t\t\t\t<\/div>\n\t\t\t\t<div class=\"elementor-element elementor-element-2da4cdf elementor-widget elementor-widget-heading\" data-id=\"2da4cdf\" data-element_type=\"widget\" data-widget_type=\"heading.default\">\n\t\t\t\t\t<h2 class=\"elementor-heading-title elementor-size-default\">Kimdir?<\/h2>\t\t\t\t<\/div>\n\t\t\t\t<div class=\"elementor-element elementor-element-107868b4 elementor-widget elementor-widget-text-editor\" data-id=\"107868b4\" data-element_type=\"widget\" data-widget_type=\"text-editor.default\">\n\t\t\t\t\t\t\t\t\t<p>ODT\u00dc mezunu olan Yaman, Unilever de \u00e7al\u0131\u015ft\u0131. Son g\u00f6revinde 22 \u00fclkeden sorumluydu.<\/p><p>Harvard, Stanford, Oxford, Imperial College gibi, d\u00fcnyan\u0131n en prestijli \u00fcniversitelerinde konferanslar verdi.<\/p><p>Yaman; Roche, Mercedes, Turkcell, \u0130\u015f Bankas\u0131, Garanti, Ko\u00e7, Sabanc\u0131, Eczac\u0131ba\u015f\u0131 gibi \u00e7ok uluslu ve uluslararas\u0131 50\u2019den fazla \u015firketin \u00fcst d\u00fczey y\u00f6neticisine liderlik ve k\u00fclt\u00fcr d\u00f6n\u00fc\u015f\u00fcm\u00fc alan\u0131nda dan\u0131\u015fmanl\u0131k veriyor.<\/p><p>2002 y\u0131l\u0131nda \u201cTruthful Leader\u201d ismiyle \u0130ngilizce\u2019ye de \u00e7evrilen ilk kitab\u0131 \u201c\u0130\u00e7\u2019ten Lider\u201d, 2006 y\u0131l\u0131ndaysa 2. kitab\u0131 \u201cLider ve Hayal Ortaklar\u0131\u201d yay\u0131nland\u0131.<\/p><p>Edison Awards, MIT Under 30 Innovation Awards, Time Awards gibi d\u00fcnya \u00e7ap\u0131nda \u00f6d\u00fcllere lay\u0131k g\u00f6r\u00fclen, d\u00fcnyan\u0131n en \u00e7ok ba\u015fvuru alan sivil toplum kurulu\u015fu YGA\u2019n\u0131n kurucusu, \u00fc\u00e7 teknoloji \u015firketinin Y\u00f6netim Kurulu Ba\u015fkan\u0131d\u0131r.<\/p>\t\t\t\t\t\t\t\t<\/div>\n\t\t\t\t<\/div>\n\t\t<div class=\"elementor-element elementor-element-23c2c75e e-con-full e-flex wpr-particle-no wpr-jarallax-no wpr-parallax-no wpr-sticky-section-no e-con e-child\" data-id=\"23c2c75e\" data-element_type=\"container\">\n\t\t\t\t<div class=\"elementor-element elementor-element-3fc509a elementor-widget elementor-widget-html\" data-id=\"3fc509a\" data-element_type=\"widget\" data-widget_type=\"html.default\">\n\t\t\t\t\t<div style=\"padding:56.25% 0 0 0;position:relative;\"><iframe src=\"https:\/\/player.vimeo.com\/video\/1160094935?h=db76c0a8d4&amp;badge=0&amp;autopause=0&amp;player_id=0&amp;app_id=58479&amp;autoplay=1&amp;muted=1\" frameborder=\"0\" allow=\"autoplay; fullscreen; picture-in-picture; clipboard-write; encrypted-media; web-share\" referrerpolicy=\"strict-origin-when-cross-origin\" style=\"position:absolute;top:0;left:0;width:100%;height:100%;\" title=\"Sinan Yaman |&nbsp;\u0130\u00e7ten Lider\"><\/iframe><\/div><script src=\"https:\/\/player.vimeo.com\/api\/player.js\"><\/script>\t\t\t\t<\/div>\n\t\t\t\t<\/div>\n\t\t\t\t\t<\/div>\n\t\t\t\t<\/div>\n\t\t<div class=\"elementor-element elementor-element-5eb1afb e-flex e-con-boxed wpr-particle-no wpr-jarallax-no wpr-parallax-no wpr-sticky-section-no e-con e-parent\" data-id=\"5eb1afb\" data-element_type=\"container\">\n\t\t\t\t\t<div class=\"e-con-inner\">\n\t\t<div class=\"elementor-element elementor-element-1c39024 e-con-full e-flex wpr-particle-no wpr-jarallax-no wpr-parallax-no wpr-sticky-section-no e-con e-child\" data-id=\"1c39024\" data-element_type=\"container\" data-settings=\"{&quot;background_background&quot;:&quot;classic&quot;}\">\n\t\t<div class=\"elementor-element elementor-element-9b332c8 e-con-full e-flex wpr-particle-no wpr-jarallax-no wpr-parallax-no wpr-sticky-section-no e-con e-child\" data-id=\"9b332c8\" data-element_type=\"container\">\n\t\t\t\t<\/div>\n\t\t<div class=\"elementor-element elementor-element-79d529d e-con-full e-flex wpr-particle-no wpr-jarallax-no wpr-parallax-no wpr-sticky-section-no e-con e-child\" data-id=\"79d529d\" data-element_type=\"container\">\n\t\t\t\t<div class=\"elementor-element elementor-element-8044633 elementor-widget elementor-widget-heading\" data-id=\"8044633\" data-element_type=\"widget\" data-widget_type=\"heading.default\">\n\t\t\t\t\t<h2 class=\"elementor-heading-title elementor-size-default\">LEADING<br>INNOVATION<br>THROUGH HIGH<br>TRUST CULTURE<\/h2>\t\t\t\t<\/div>\n\t\t\t\t<div class=\"elementor-element elementor-element-96ed1b5 elementor-widget elementor-widget-text-editor\" data-id=\"96ed1b5\" data-element_type=\"widget\" data-widget_type=\"text-editor.default\">\n\t\t\t\t\t\t\t\t\t<p>Zaman\u0131, bilgiyi ve enerjiyi iyi y\u00f6netenler, d\u00fcnyay\u0131 y\u00f6netirler. Bu y\u00fczden d\u00fcnya \u00e7ap\u0131nda inovasyonlar y\u00fcksek g\u00fcven k\u00fclt\u00fcr\u00fcn\u00fcn do\u011fal sonucu olarak ortaya \u00e7\u0131kar. Y\u00fcksek g\u00fcven k\u00fclt\u00fcr\u00fc nas\u0131l olu\u015fur?<\/p>\t\t\t\t\t\t\t\t<\/div>\n\t\t\t\t<\/div>\n\t\t\t\t<\/div>\n\t\t\t\t\t<\/div>\n\t\t\t\t<\/div>\n\t\t<div class=\"elementor-element elementor-element-78f56ed e-flex e-con-boxed wpr-particle-no wpr-jarallax-no wpr-parallax-no wpr-sticky-section-no e-con e-parent\" data-id=\"78f56ed\" data-element_type=\"container\">\n\t\t\t\t\t<div class=\"e-con-inner\">\n\t\t\t\t<div class=\"elementor-element elementor-element-bbf60f4 wpr-stt-btn-align-fixed wpr-stt-btn-align-fixed-right elementor-widget elementor-widget-wpr-back-to-top\" data-id=\"bbf60f4\" data-element_type=\"widget\" data-widget_type=\"wpr-back-to-top.default\">\n\t\t\t\t\t<div class=\"wpr-stt-wrapper\"><div class='wpr-stt-btn' data-settings='{&quot;animation&quot;:&quot;fade&quot;,&quot;animationOffset&quot;:&quot;0&quot;,&quot;animationDuration&quot;:&quot;200&quot;,&quot;fixed&quot;:&quot;fixed&quot;,&quot;scrolAnim&quot;:&quot;800&quot;}'><span class=\"wpr-stt-icon\"><svg class=\"e-font-icon-svg e-fas-chevron-up\" viewBox=\"0 0 448 512\" xmlns=\"http:\/\/www.w3.org\/2000\/svg\"><path d=\"M240.971 130.524l194.343 194.343c9.373 9.373 9.373 24.569 0 33.941l-22.667 22.667c-9.357 9.357-24.522 9.375-33.901.04L224 227.495 69.255 381.516c-9.379 9.335-24.544 9.317-33.901-.04l-22.667-22.667c-9.373-9.373-9.373-24.569 0-33.941L207.03 130.525c9.372-9.373 24.568-9.373 33.941-.001z\"><\/path><\/svg><\/span><\/div><\/div>\t\t\t\t<\/div>\n\t\t\t\t\t<\/div>\n\t\t\t\t<\/div>\n\t\t\t\t<\/div>\n\t\t","protected":false},"excerpt":{"rendered":"<p>&#8220;Y\u00f6netim ekibi olarak bu kadar yak\u0131nla\u015ft\u0131\u011f\u0131m\u0131z, bu kadar payla\u015ft\u0131\u011f\u0131m\u0131z, bu kadar e\u011flendi\u011fimiz bir liderlik geli\u015fim program\u0131 hat\u0131rlam\u0131yorum. Hayal Orta\u011f\u0131m\u0131z Sinan Yaman\u2019a sonsuz te\u015fekk\u00fcrler.&#8221; \u0130lker Kuru\u00f6zDo\u011fu\u015f Teknoloji CEO &#8220;Yeni bir bak\u0131\u015f a\u00e7\u0131s\u0131na m\u0131 ihtiyac\u0131n\u0131z var? Kendinize ve \u00e7evrenizdekilere nas\u0131l daha fazla de\u011fer katabilirsiniz? Sinan Yaman&#8217;la tan\u0131\u015fman\u0131z\u0131 \u00f6neririm.&#8221; Lale Saral Develio\u011fluPladis Global CMO &#8220;Sinan Bey \u015firketimizde y\u00fcksek g\u00fcvene dayal\u0131 inovasyon ikliminin yarat\u0131lmas\u0131na \u00f6nc\u00fcl\u00fck etti.&#8221; Sani \u015eenerTAV CEO &#8220;Bir e\u011fitimle \u00e7ok \u015fey de\u011fi\u015ftirecek deselerdi, inanmam \u00e7ok g\u00fc\u00e7t\u00fc. Sinan Bey\u2019i tan\u0131d\u0131ktan sonra, bunun ne kadar m\u00fcmk\u00fcn oldu\u011funu g\u00f6rd\u00fcm.&#8221; Hakan Aran\u0130\u015f Bankas\u0131 GM &#8220;Eczac\u0131ba\u015f\u0131 \u0130la\u00e7 Grubu olarak finansal ve k\u00fclt\u00fcrel a\u00e7\u0131dan birincili\u011fe y\u00fckselmemizde en b\u00fcy\u00fck pay Sinan Yaman\u2019\u0131nd\u0131r.&#8221; Elif \u00c7elikKurtsan YK Ba\u015fkan\u0131 &#8220;25 y\u0131la yakla\u015fan profesyonel hayat\u0131mda yurti\u00e7inde ve yurtd\u0131\u015f\u0131nda onlarca e\u011fitime kat\u0131ld\u0131m. T\u00fcm kalbimle s\u00f6yl\u00fcyorum ki, Sinan Yaman\u2019la yapt\u0131\u011f\u0131m\u0131z bu program en e\u015fsiz, en \u00e7ok \u00f6\u011frendi\u011fim programd\u0131.&#8221; S\u00fcha Ta\u015fpolato\u011fluAbdi \u0130brahim CEO Sinan Yaman Kimdir? ODT\u00dc mezunu olan Yaman, Unilever de \u00e7al\u0131\u015ft\u0131. Son g\u00f6revinde 22 \u00fclkeden sorumluydu. Harvard, Stanford, Oxford, Imperial College gibi, d\u00fcnyan\u0131n en prestijli \u00fcniversitelerinde konferanslar verdi. Yaman; Roche, Mercedes, Turkcell, \u0130\u015f Bankas\u0131, Garanti, Ko\u00e7, Sabanc\u0131, Eczac\u0131ba\u015f\u0131 gibi \u00e7ok uluslu ve uluslararas\u0131 50\u2019den fazla \u015firketin \u00fcst d\u00fczey y\u00f6neticisine liderlik ve k\u00fclt\u00fcr d\u00f6n\u00fc\u015f\u00fcm\u00fc alan\u0131nda dan\u0131\u015fmanl\u0131k veriyor. 2002 y\u0131l\u0131nda \u201cTruthful Leader\u201d ismiyle \u0130ngilizce\u2019ye de \u00e7evrilen ilk kitab\u0131 \u201c\u0130\u00e7\u2019ten Lider\u201d, 2006 y\u0131l\u0131ndaysa 2. kitab\u0131 \u201cLider ve Hayal Ortaklar\u0131\u201d yay\u0131nland\u0131. Edison Awards, MIT Under 30 Innovation Awards, Time Awards gibi d\u00fcnya \u00e7ap\u0131nda \u00f6d\u00fcllere lay\u0131k g\u00f6r\u00fclen, d\u00fcnyan\u0131n en \u00e7ok ba\u015fvuru alan sivil toplum kurulu\u015fu YGA\u2019n\u0131n kurucusu, \u00fc\u00e7 teknoloji \u015firketinin Y\u00f6netim Kurulu Ba\u015fkan\u0131d\u0131r. LEADINGINNOVATIONTHROUGH HIGHTRUST CULTURE Zaman\u0131, bilgiyi ve enerjiyi iyi y\u00f6netenler, d\u00fcnyay\u0131 y\u00f6netirler. Bu y\u00fczden d\u00fcnya \u00e7ap\u0131nda inovasyonlar y\u00fcksek g\u00fcven k\u00fclt\u00fcr\u00fcn\u00fcn do\u011fal sonucu olarak ortaya \u00e7\u0131kar. Y\u00fcksek g\u00fcven k\u00fclt\u00fcr\u00fc nas\u0131l olu\u015fur?<\/p>\n","protected":false},"author":1,"featured_media":0,"parent":0,"menu_order":0,"comment_status":"closed","ping_status":"closed","template":"","meta":{"footnotes":""},"class_list":["post-13","page","type-page","status-publish","hentry"],"_links":{"self":[{"href":"https:\/\/www.sinanyaman.org\/index.php?rest_route=\/wp\/v2\/pages\/13","targetHints":{"allow":["GET"]}}],"collection":[{"href":"https:\/\/www.sinanyaman.org\/index.php?rest_route=\/wp\/v2\/pages"}],"about":[{"href":"https:\/\/www.sinanyaman.org\/index.php?rest_route=\/wp\/v2\/types\/page"}],"author":[{"embeddable":true,"href":"https:\/\/www.sinanyaman.org\/index.php?rest_route=\/wp\/v2\/users\/1"}],"replies":[{"embeddable":true,"href":"https:\/\/www.sinanyaman.org\/index.php?rest_route=%2Fwp%2Fv2%2Fcomments&post=13"}],"version-history":[{"count":5,"href":"https:\/\/www.sinanyaman.org\/index.php?rest_route=\/wp\/v2\/pages\/13\/revisions"}],"predecessor-version":[{"id":182,"href":"https:\/\/www.sinanyaman.org\/index.php?rest_route=\/wp\/v2\/pages\/13\/revisions\/182"}],"wp:attachment":[{"href":"https:\/\/www.sinanyaman.org\/index.php?rest_route=%2Fwp%2Fv2%2Fmedia&parent=13"}],"curies":[{"name":"wp","href":"https:\/\/api.w.org\/{rel}","templated":true}]}}