{"id":17,"date":"2025-09-17T23:07:38","date_gmt":"2025-09-17T23:07:38","guid":{"rendered":"https:\/\/beta.sinanyaman.org\/?page_id=17"},"modified":"2025-09-18T11:18:09","modified_gmt":"2025-09-18T08:18:09","slug":"hakkinda","status":"publish","type":"page","link":"https:\/\/www.sinanyaman.org\/?page_id=17","title":{"rendered":"Hakk\u0131nda"},"content":{"rendered":"\t\t<div data-elementor-type=\"wp-page\" data-elementor-id=\"17\" class=\"elementor elementor-17\" data-elementor-post-type=\"page\">\n\t\t\t\t<div class=\"elementor-element elementor-element-8defacb e-flex e-con-boxed wpr-particle-no wpr-jarallax-no wpr-parallax-no wpr-sticky-section-no e-con e-parent\" data-id=\"8defacb\" data-element_type=\"container\">\n\t\t\t\t\t<div class=\"e-con-inner\">\n\t\t<div class=\"elementor-element elementor-element-06bc785 e-con-full e-flex wpr-particle-no wpr-jarallax-no wpr-parallax-no wpr-sticky-section-no e-con e-child\" data-id=\"06bc785\" data-element_type=\"container\" data-settings=\"{&quot;background_background&quot;:&quot;classic&quot;}\">\n\t\t\t\t<div class=\"elementor-element elementor-element-15e0fb3 elementor-widget elementor-widget-heading\" data-id=\"15e0fb3\" data-element_type=\"widget\" data-widget_type=\"heading.default\">\n\t\t\t\t\t<h1 class=\"elementor-heading-title elementor-size-default\">Hakk\u0131nda<\/h1>\t\t\t\t<\/div>\n\t\t\t\t<div class=\"elementor-element elementor-element-88e7073 elementor-widget-divider--view-line elementor-widget elementor-widget-divider\" data-id=\"88e7073\" data-element_type=\"widget\" data-widget_type=\"divider.default\">\n\t\t\t\t\t\t\t<div class=\"elementor-divider\">\n\t\t\t<span class=\"elementor-divider-separator\">\n\t\t\t\t\t\t<\/span>\n\t\t<\/div>\n\t\t\t\t\t\t<\/div>\n\t\t\t\t<div class=\"elementor-element elementor-element-003b5f3 elementor-widget elementor-widget-heading\" data-id=\"003b5f3\" data-element_type=\"widget\" data-widget_type=\"heading.default\">\n\t\t\t\t\t<h2 class=\"elementor-heading-title elementor-size-default\">Leading Innovation Through High Trust Culture<\/h2>\t\t\t\t<\/div>\n\t\t\t\t<div class=\"elementor-element elementor-element-1a7a8f2 elementor-widget elementor-widget-text-editor\" data-id=\"1a7a8f2\" data-element_type=\"widget\" data-widget_type=\"text-editor.default\">\n\t\t\t\t\t\t\t\t\t<p>D\u00fcnyan\u0131n en \u00e7ok ba\u015fvuru alan liderlik okulu Young Guru Academy&#8217;nin kurucusu olan Yaman,<\/p><p>gelece\u011fin birlikte ba\u015faran liderlerini yeti\u015ftirmek i\u00e7in \u00e7al\u0131\u015f\u0131yor.<\/p>\t\t\t\t\t\t\t\t<\/div>\n\t\t\t\t<\/div>\n\t\t\t\t\t<\/div>\n\t\t\t\t<\/div>\n\t\t<div class=\"elementor-element elementor-element-756eab54 e-flex e-con-boxed wpr-particle-no wpr-jarallax-no wpr-parallax-no wpr-sticky-section-no e-con e-parent\" data-id=\"756eab54\" data-element_type=\"container\">\n\t\t\t\t\t<div class=\"e-con-inner\">\n\t\t<div class=\"elementor-element elementor-element-7d6694b2 e-con-full e-flex wpr-particle-no wpr-jarallax-no wpr-parallax-no wpr-sticky-section-no e-con e-child\" data-id=\"7d6694b2\" data-element_type=\"container\" data-settings=\"{&quot;background_background&quot;:&quot;classic&quot;}\">\n\t\t<div class=\"elementor-element elementor-element-7a887940 e-con-full e-flex wpr-particle-no wpr-jarallax-no wpr-parallax-no wpr-sticky-section-no e-con e-child\" data-id=\"7a887940\" data-element_type=\"container\" data-settings=\"{&quot;background_background&quot;:&quot;classic&quot;}\">\n\t\t\t\t<div class=\"elementor-element elementor-element-2e90ef0c elementor-widget elementor-widget-text-editor\" data-id=\"2e90ef0c\" data-element_type=\"widget\" data-widget_type=\"text-editor.default\">\n\t\t\t\t\t\t\t\t\t<p>ODT\u00dc mezunu olan Yaman, Unilever de \u00e7al\u0131\u015ft\u0131. Son g\u00f6revinde 22 \u00fclkeden sorumluydu.<\/p><p>Harvard, Stanford, Oxford, Imperial College gibi, d\u00fcnyan\u0131n en prestijli \u00fcniversitelerinde konferanslar verdi.<\/p><p>Yaman; Roche, Mercedes, Turkcell, i\u015fbankas\u0131, Garanti, Ko\u00e7, Sabanc\u0131, Eczac\u0131ba\u015f\u0131 gibi \u00e7ok uluslu ve uluslararas\u0131 50\u2019den fazla \u015firketin \u00fcst d\u00fczey y\u00f6neticisine liderlik ve k\u00fclt\u00fcr d\u00f6n\u00fc\u015f\u00fcm\u00fc alan\u0131nda dan\u0131\u015fmanl\u0131k veriyor.<\/p><p>2002 y\u0131l\u0131nda \u201cTruthful Leader\u201d ismiyle \u0130ngilizce\u2019ye de \u00e7evrilen ilk kitab\u0131 \u201c\u0130\u00e7\u2019ten Lider\u201d, 2006 y\u0131l\u0131ndaysa 2. kitab\u0131 \u201cLider ve Hayal Ortaklar\u0131\u201d yay\u0131nland\u0131.<\/p><p>Edison Awards, MIT Under 30 Innovation Awards, Time Awards gibi d\u00fcnya \u00e7ap\u0131nda \u00f6d\u00fcllere lay\u0131k g\u00f6r\u00fclen, d\u00fcnyan\u0131n en \u00e7ok ba\u015fvuru alan sivil toplum kurulu\u015fu YGA\u2019n\u0131n kurucusu, \u00fc\u00e7 teknoloji \u015firketinin Y\u00f6netim Kurulu Ba\u015fkan\u0131d\u0131r.<\/p>\t\t\t\t\t\t\t\t<\/div>\n\t\t\t\t<\/div>\n\t\t\t\t<\/div>\n\t\t\t\t\t<\/div>\n\t\t\t\t<\/div>\n\t\t<div class=\"elementor-element elementor-element-9a14d67 e-flex e-con-boxed wpr-particle-no wpr-jarallax-no wpr-parallax-no wpr-sticky-section-no e-con e-parent\" data-id=\"9a14d67\" data-element_type=\"container\">\n\t\t\t\t\t<div class=\"e-con-inner\">\n\t\t\t\t<div class=\"elementor-element elementor-element-43d3bb8 elementor-widget elementor-widget-image\" data-id=\"43d3bb8\" data-element_type=\"widget\" data-widget_type=\"image.default\">\n\t\t\t\t\t\t\t\t\t\t\t\t\t\t\t<img fetchpriority=\"high\" decoding=\"async\" width=\"800\" height=\"256\" src=\"https:\/\/www.sinanyaman.org\/wp-content\/uploads\/2025\/09\/fotos-1024x328.webp\" class=\"attachment-large size-large wp-image-68\" alt=\"\" srcset=\"https:\/\/www.sinanyaman.org\/wp-content\/uploads\/2025\/09\/fotos-1024x328.webp 1024w, https:\/\/www.sinanyaman.org\/wp-content\/uploads\/2025\/09\/fotos-300x96.webp 300w, https:\/\/www.sinanyaman.org\/wp-content\/uploads\/2025\/09\/fotos-768x246.webp 768w, https:\/\/www.sinanyaman.org\/wp-content\/uploads\/2025\/09\/fotos-1536x492.webp 1536w, https:\/\/www.sinanyaman.org\/wp-content\/uploads\/2025\/09\/fotos.webp 1680w\" sizes=\"(max-width: 800px) 100vw, 800px\" \/>\t\t\t\t\t\t\t\t\t\t\t\t\t\t\t<\/div>\n\t\t\t\t\t<\/div>\n\t\t\t\t<\/div>\n\t\t<div class=\"elementor-element elementor-element-8a6dbc6 e-flex e-con-boxed wpr-particle-no wpr-jarallax-no wpr-parallax-no wpr-sticky-section-no e-con e-parent\" data-id=\"8a6dbc6\" data-element_type=\"container\">\n\t\t\t\t\t<div class=\"e-con-inner\">\n\t\t\t\t<div class=\"elementor-element elementor-element-13f614f elementor-widget elementor-widget-text-editor\" data-id=\"13f614f\" data-element_type=\"widget\" data-widget_type=\"text-editor.default\">\n\t\t\t\t\t\t\t\t\t<p>D\u00fcnyan\u0131n en \u00e7ok ba\u015fvuru alan liderlik okulu Young Guru Academy\u2019nin kurucusu olan Yaman,<\/p><p>gelece\u011fin liderlerini yeti\u015ftirmek i\u00e7in \u00e7al\u0131\u015f\u0131yor. YGA Liderlik kamplar\u0131n\u0131n on \u00fc\u00e7\u00fcnc\u00fcs\u00fc,<\/p><p>Amerika\u2019da New York, Washington ve Research Triangle\u2019da ger\u00e7ekle\u015fti.<\/p><p>Yaman, ODT\u00dc, Ko\u00e7, Sabanc\u0131 \u00fcniversitelerinin \u00f6\u011frencileri ve T\u00fcrk Amerikan Derne\u011fi<\/p><p>taraf\u0131ndan \u201c Y\u0131l\u0131n Lideri \u201c \u00f6d\u00fcl\u00fcne lay\u0131k g\u00f6r\u00fcld\u00fc.<\/p>\t\t\t\t\t\t\t\t<\/div>\n\t\t\t\t\t<\/div>\n\t\t\t\t<\/div>\n\t\t<div class=\"elementor-element elementor-element-c06b969 e-flex e-con-boxed wpr-particle-no wpr-jarallax-no wpr-parallax-no wpr-sticky-section-no e-con e-parent\" data-id=\"c06b969\" data-element_type=\"container\">\n\t\t\t\t\t<div class=\"e-con-inner\">\n\t\t\t\t<div class=\"elementor-element elementor-element-1c425c5 wpr-stt-btn-align-fixed wpr-stt-btn-align-fixed-right elementor-widget elementor-widget-wpr-back-to-top\" data-id=\"1c425c5\" data-element_type=\"widget\" data-widget_type=\"wpr-back-to-top.default\">\n\t\t\t\t\t<div class=\"wpr-stt-wrapper\"><div class='wpr-stt-btn' data-settings='{&quot;animation&quot;:&quot;fade&quot;,&quot;animationOffset&quot;:&quot;0&quot;,&quot;animationDuration&quot;:&quot;200&quot;,&quot;fixed&quot;:&quot;fixed&quot;,&quot;scrolAnim&quot;:&quot;800&quot;}'><span class=\"wpr-stt-icon\"><svg class=\"e-font-icon-svg e-fas-chevron-up\" viewBox=\"0 0 448 512\" xmlns=\"http:\/\/www.w3.org\/2000\/svg\"><path d=\"M240.971 130.524l194.343 194.343c9.373 9.373 9.373 24.569 0 33.941l-22.667 22.667c-9.357 9.357-24.522 9.375-33.901.04L224 227.495 69.255 381.516c-9.379 9.335-24.544 9.317-33.901-.04l-22.667-22.667c-9.373-9.373-9.373-24.569 0-33.941L207.03 130.525c9.372-9.373 24.568-9.373 33.941-.001z\"><\/path><\/svg><\/span><\/div><\/div>\t\t\t\t<\/div>\n\t\t\t\t\t<\/div>\n\t\t\t\t<\/div>\n\t\t\t\t<\/div>\n\t\t","protected":false},"excerpt":{"rendered":"<p>Hakk\u0131nda Leading Innovation Through High Trust Culture D\u00fcnyan\u0131n en \u00e7ok ba\u015fvuru alan liderlik okulu Young Guru Academy&#8217;nin kurucusu olan Yaman, gelece\u011fin birlikte ba\u015faran liderlerini yeti\u015ftirmek i\u00e7in \u00e7al\u0131\u015f\u0131yor. ODT\u00dc mezunu olan Yaman, Unilever de \u00e7al\u0131\u015ft\u0131. Son g\u00f6revinde 22 \u00fclkeden sorumluydu. Harvard, Stanford, Oxford, Imperial College gibi, d\u00fcnyan\u0131n en prestijli \u00fcniversitelerinde konferanslar verdi. Yaman; Roche, Mercedes, Turkcell, i\u015fbankas\u0131, Garanti, Ko\u00e7, Sabanc\u0131, Eczac\u0131ba\u015f\u0131 gibi \u00e7ok uluslu ve uluslararas\u0131 50\u2019den fazla \u015firketin \u00fcst d\u00fczey y\u00f6neticisine liderlik ve k\u00fclt\u00fcr d\u00f6n\u00fc\u015f\u00fcm\u00fc alan\u0131nda dan\u0131\u015fmanl\u0131k veriyor. 2002 y\u0131l\u0131nda \u201cTruthful Leader\u201d ismiyle \u0130ngilizce\u2019ye de \u00e7evrilen ilk kitab\u0131 \u201c\u0130\u00e7\u2019ten Lider\u201d, 2006 y\u0131l\u0131ndaysa 2. kitab\u0131 \u201cLider ve Hayal Ortaklar\u0131\u201d yay\u0131nland\u0131. Edison Awards, MIT Under 30 Innovation Awards, Time Awards gibi d\u00fcnya \u00e7ap\u0131nda \u00f6d\u00fcllere lay\u0131k g\u00f6r\u00fclen, d\u00fcnyan\u0131n en \u00e7ok ba\u015fvuru alan sivil toplum kurulu\u015fu YGA\u2019n\u0131n kurucusu, \u00fc\u00e7 teknoloji \u015firketinin Y\u00f6netim Kurulu Ba\u015fkan\u0131d\u0131r. D\u00fcnyan\u0131n en \u00e7ok ba\u015fvuru alan liderlik okulu Young Guru Academy\u2019nin kurucusu olan Yaman, gelece\u011fin liderlerini yeti\u015ftirmek i\u00e7in \u00e7al\u0131\u015f\u0131yor. YGA Liderlik kamplar\u0131n\u0131n on \u00fc\u00e7\u00fcnc\u00fcs\u00fc, Amerika\u2019da New York, Washington ve Research Triangle\u2019da ger\u00e7ekle\u015fti. Yaman, ODT\u00dc, Ko\u00e7, Sabanc\u0131 \u00fcniversitelerinin \u00f6\u011frencileri ve T\u00fcrk Amerikan Derne\u011fi taraf\u0131ndan \u201c Y\u0131l\u0131n Lideri \u201c \u00f6d\u00fcl\u00fcne lay\u0131k g\u00f6r\u00fcld\u00fc.<\/p>\n","protected":false},"author":1,"featured_media":0,"parent":0,"menu_order":0,"comment_status":"closed","ping_status":"closed","template":"","meta":{"footnotes":""},"class_list":["post-17","page","type-page","status-publish","hentry"],"_links":{"self":[{"href":"https:\/\/www.sinanyaman.org\/index.php?rest_route=\/wp\/v2\/pages\/17","targetHints":{"allow":["GET"]}}],"collection":[{"href":"https:\/\/www.sinanyaman.org\/index.php?rest_route=\/wp\/v2\/pages"}],"about":[{"href":"https:\/\/www.sinanyaman.org\/index.php?rest_route=\/wp\/v2\/types\/page"}],"author":[{"embeddable":true,"href":"https:\/\/www.sinanyaman.org\/index.php?rest_route=\/wp\/v2\/users\/1"}],"replies":[{"embeddable":true,"href":"https:\/\/www.sinanyaman.org\/index.php?rest_route=%2Fwp%2Fv2%2Fcomments&post=17"}],"version-history":[{"count":5,"href":"https:\/\/www.sinanyaman.org\/index.php?rest_route=\/wp\/v2\/pages\/17\/revisions"}],"predecessor-version":[{"id":157,"href":"https:\/\/www.sinanyaman.org\/index.php?rest_route=\/wp\/v2\/pages\/17\/revisions\/157"}],"wp:attachment":[{"href":"https:\/\/www.sinanyaman.org\/index.php?rest_route=%2Fwp%2Fv2%2Fmedia&parent=17"}],"curies":[{"name":"wp","href":"https:\/\/api.w.org\/{rel}","templated":true}]}}